{"id":11120,"date":"2025-08-29T01:42:26","date_gmt":"2025-08-29T01:42:26","guid":{"rendered":"https:\/\/blueagavewine.com\/?page_id=11120"},"modified":"2025-08-29T22:17:48","modified_gmt":"2025-08-29T22:17:48","slug":"margarita-te-cielo","status":"publish","type":"page","link":"https:\/\/blueagavewine.com\/en\/margarita-te-cielo\/","title":{"rendered":"Margarita Te Cielo"},"content":{"rendered":"<p>[et_pb_section fb_built=&#8221;1&#8243; _builder_version=&#8221;4.27.4&#8243; _module_preset=&#8221;default&#8221; custom_padding=&#8221;0px||0px|||&#8221; global_colors_info=&#8221;{}&#8221;][et_pb_row _builder_version=&#8221;4.27.4&#8243; _module_preset=&#8221;default&#8221; width=&#8221;100%&#8221; max_width=&#8221;100%&#8221; custom_padding=&#8221;0px||0px|||&#8221; global_colors_info=&#8221;{}&#8221;][et_pb_column type=&#8221;4_4&#8243; _builder_version=&#8221;4.27.4&#8243; _module_preset=&#8221;default&#8221; global_colors_info=&#8221;{}&#8221;][et_pb_image src=&#8221;https:\/\/blueagavewine.com\/wp-content\/uploads\/2025\/08\/imgi_5_394773_733721.png&#8221; title_text=&#8221;imgi_5_394773_733721&#8243; align=&#8221;center&#8221; force_fullwidth=&#8221;on&#8221; _builder_version=&#8221;4.27.4&#8243; _module_preset=&#8221;default&#8221; global_colors_info=&#8221;{}&#8221;][\/et_pb_image][\/et_pb_column][\/et_pb_row][\/et_pb_section][et_pb_section fb_built=&#8221;1&#8243; _builder_version=&#8221;4.27.4&#8243; _module_preset=&#8221;default&#8221; custom_padding=&#8221;||0px|||&#8221; global_colors_info=&#8221;{}&#8221;][et_pb_row _builder_version=&#8221;4.27.4&#8243; _module_preset=&#8221;default&#8221; global_colors_info=&#8221;{}&#8221;][et_pb_column type=&#8221;4_4&#8243; _builder_version=&#8221;4.27.4&#8243; _module_preset=&#8221;default&#8221; global_colors_info=&#8221;{}&#8221;][et_pb_text _builder_version=&#8221;4.27.4&#8243; _module_preset=&#8221;default&#8221; text_font=&#8221;Gotham Book||||||||&#8221; text_text_color=&#8221;#000000&#8243; text_font_size=&#8221;16px&#8221; text_line_height=&#8221;1.6em&#8221; text_orientation=&#8221;justified&#8221; custom_margin=&#8221;|150px||150px|false|true&#8221; custom_margin_tablet=&#8221;|150px||150px|false|true&#8221; custom_margin_phone=&#8221;|10px||10px|false|true&#8221; custom_margin_last_edited=&#8221;on|phone&#8221; global_colors_info=&#8221;{}&#8221;]<\/p>\n<p>Una mezcla especial de coctel margarita a base de nuestro vino de agave que est\u00e1 \u00a1listo para beber!<\/p>\n<p>Margarita Te Cielo es una bebida RTD, 100% mexicana con un sabor \u00fanico. Con solo 9% de alcohol e ingredientes naturales.<\/p>\n<p>[\/et_pb_text][et_pb_image src=&#8221;https:\/\/blueagavewine.com\/wp-content\/uploads\/2025\/08\/imgi_3_667548_600239.png&#8221; title_text=&#8221;imgi_3_667548_600239&#8243; align=&#8221;center&#8221; _builder_version=&#8221;4.27.4&#8243; _module_preset=&#8221;default&#8221; global_colors_info=&#8221;{}&#8221;][\/et_pb_image][et_pb_text _builder_version=&#8221;4.27.4&#8243; _module_preset=&#8221;default&#8221; text_font=&#8221;Gotham Book||||||||&#8221; text_text_color=&#8221;#000000&#8243; text_font_size=&#8221;16px&#8221; text_line_height=&#8221;1.6em&#8221; text_orientation=&#8221;justified&#8221; custom_margin=&#8221;|150px||150px|false|true&#8221; custom_margin_tablet=&#8221;|150px||150px|false|true&#8221; custom_margin_phone=&#8221;|10px||10px|false|true&#8221; custom_margin_last_edited=&#8221;on|phone&#8221; global_colors_info=&#8221;{}&#8221;]Margarita Te Cielo est\u00e1 inspirado por la esencia de Frida Kahlo, transformando un sentimiento en un verbo, &#8220;Yo te cielo&#8221;. <\/p>\n<p>A trav\u00e9s de sus ingredientes naturales, sabor y caracter\u00edsticas \u00fanicas, Te Cielo te inspira a disfrutar los grandes momentos de la vida.<br \/>\nTaste Life\u00b4s Beautiful Fiesta![\/et_pb_text][et_pb_image src=&#8221;https:\/\/blueagavewine.com\/wp-content\/uploads\/2025\/08\/imgi_4_889319_151980.png&#8221; title_text=&#8221;imgi_4_889319_151980&#8243; align=&#8221;center&#8221; _builder_version=&#8221;4.27.4&#8243; _module_preset=&#8221;default&#8221; global_colors_info=&#8221;{}&#8221;][\/et_pb_image][\/et_pb_column][\/et_pb_row][et_pb_row column_structure=&#8221;1_4,1_4,1_4,1_4&#8243; _builder_version=&#8221;4.27.4&#8243; _module_preset=&#8221;default&#8221; global_colors_info=&#8221;{}&#8221;][et_pb_column type=&#8221;1_4&#8243; _builder_version=&#8221;4.27.4&#8243; _module_preset=&#8221;default&#8221; global_colors_info=&#8221;{}&#8221;][et_pb_image src=&#8221;https:\/\/blueagavewine.com\/wp-content\/uploads\/2025\/08\/imgi_5_307905_801191.png&#8221; title_text=&#8221;imgi_5_307905_801191&#8243; align=&#8221;center&#8221; _builder_version=&#8221;4.27.4&#8243; _module_preset=&#8221;default&#8221; global_colors_info=&#8221;{}&#8221;][\/et_pb_image][\/et_pb_column][et_pb_column type=&#8221;1_4&#8243; _builder_version=&#8221;4.27.4&#8243; _module_preset=&#8221;default&#8221; global_colors_info=&#8221;{}&#8221;][et_pb_image src=&#8221;https:\/\/blueagavewine.com\/wp-content\/uploads\/2025\/08\/imgi_6_772407_17306.png&#8221; title_text=&#8221;imgi_6_772407_17306&#8243; align=&#8221;center&#8221; _builder_version=&#8221;4.27.4&#8243; _module_preset=&#8221;default&#8221; global_colors_info=&#8221;{}&#8221;][\/et_pb_image][\/et_pb_column][et_pb_column type=&#8221;1_4&#8243; _builder_version=&#8221;4.27.4&#8243; _module_preset=&#8221;default&#8221; global_colors_info=&#8221;{}&#8221;][et_pb_image src=&#8221;https:\/\/blueagavewine.com\/wp-content\/uploads\/2025\/08\/imgi_7_645517_993417.png&#8221; title_text=&#8221;imgi_7_645517_993417&#8243; align=&#8221;center&#8221; _builder_version=&#8221;4.27.4&#8243; _module_preset=&#8221;default&#8221; global_colors_info=&#8221;{}&#8221;][\/et_pb_image][\/et_pb_column][et_pb_column type=&#8221;1_4&#8243; _builder_version=&#8221;4.27.4&#8243; _module_preset=&#8221;default&#8221; global_colors_info=&#8221;{}&#8221;][et_pb_image src=&#8221;https:\/\/blueagavewine.com\/wp-content\/uploads\/2025\/08\/imgi_8_56360_261165.png&#8221; title_text=&#8221;imgi_8_56360_261165&#8243; align=&#8221;center&#8221; _builder_version=&#8221;4.27.4&#8243; _module_preset=&#8221;default&#8221; global_colors_info=&#8221;{}&#8221;][\/et_pb_image][\/et_pb_column][\/et_pb_row][et_pb_row _builder_version=&#8221;4.27.4&#8243; _module_preset=&#8221;default&#8221; custom_padding=&#8221;||0px|||&#8221; global_colors_info=&#8221;{}&#8221;][et_pb_column type=&#8221;4_4&#8243; _builder_version=&#8221;4.27.4&#8243; _module_preset=&#8221;default&#8221; global_colors_info=&#8221;{}&#8221;][et_pb_image src=&#8221;https:\/\/blueagavewine.com\/wp-content\/uploads\/2025\/08\/imgi_9_38847_495413.png&#8221; title_text=&#8221;imgi_9_38847_495413&#8243; align=&#8221;center&#8221; _builder_version=&#8221;4.27.4&#8243; _module_preset=&#8221;default&#8221; global_colors_info=&#8221;{}&#8221;][\/et_pb_image][et_pb_text _builder_version=&#8221;4.27.4&#8243; _module_preset=&#8221;default&#8221; text_font=&#8221;Gotham Book||||||||&#8221; text_text_color=&#8221;#000000&#8243; text_font_size=&#8221;16px&#8221; text_line_height=&#8221;1.6em&#8221; text_orientation=&#8221;justified&#8221; custom_margin=&#8221;|150px||150px|false|true&#8221; custom_margin_tablet=&#8221;|150px||150px|false|true&#8221; custom_margin_phone=&#8221;|10px||10px|false|true&#8221; custom_margin_last_edited=&#8221;on|phone&#8221; global_colors_info=&#8221;{}&#8221;]T\u00fa decides: Keg, botella o lata. La mezcla perfecta de un coctel margarita RTD [listo para beber], que reduce considerablemente el tiempo de preparaci\u00f3n, adem\u00e1s de ahorrar espacio de almacenaje.[\/et_pb_text][et_pb_button button_url=&#8221;https:\/\/blueagavewine.com\/wp-content\/uploads\/2025\/08\/Ficha_comercial_Te-Cielo_Margarita-1.pdf&#8221; url_new_window=&#8221;on&#8221; button_text=&#8221;Ficha T\u00e9cnica&#8221; button_alignment=&#8221;center&#8221; _builder_version=&#8221;4.27.4&#8243; _module_preset=&#8221;default&#8221; custom_button=&#8221;on&#8221; button_text_color=&#8221;#FFFFFF&#8221; button_bg_color=&#8221;#98845f&#8221; button_border_width=&#8221;0px&#8221; button_border_radius=&#8221;28px&#8221; button_font=&#8221;Gotham Bold||||||||&#8221; hover_enabled=&#8221;0&#8243; global_colors_info=&#8221;{}&#8221; sticky_enabled=&#8221;0&#8243;][\/et_pb_button][et_pb_image src=&#8221;https:\/\/blueagavewine.com\/wp-content\/uploads\/2025\/08\/imgi_10_465978_323739.png&#8221; title_text=&#8221;imgi_10_465978_323739&#8243; align=&#8221;center&#8221; _builder_version=&#8221;4.27.4&#8243; _module_preset=&#8221;default&#8221; global_colors_info=&#8221;{}&#8221;][\/et_pb_image][\/et_pb_column][\/et_pb_row][\/et_pb_section][et_pb_section fb_built=&#8221;1&#8243; _builder_version=&#8221;4.27.4&#8243; _module_preset=&#8221;default&#8221; background_color=&#8221;gcid-5a48e956-c409-4e86-97f8-0855f834dad8&#8243; custom_padding=&#8221;0px||0px|||&#8221; global_colors_info=&#8221;{%22gcid-5a48e956-c409-4e86-97f8-0855f834dad8%22:%91%22background_color%22%93}&#8221;][et_pb_row _builder_version=&#8221;4.27.4&#8243; _module_preset=&#8221;default&#8221; global_colors_info=&#8221;{}&#8221;][et_pb_column type=&#8221;4_4&#8243; _builder_version=&#8221;4.27.4&#8243; _module_preset=&#8221;default&#8221; global_colors_info=&#8221;{}&#8221;][et_pb_image src=&#8221;https:\/\/blueagavewine.com\/wp-content\/uploads\/2025\/08\/imgi_11_627986_4317.png&#8221; title_text=&#8221;imgi_11_627986_4317&#8243; url=&#8221;https:\/\/www.blueagavewine.com\/distribuye&#8221; align=&#8221;center&#8221; _builder_version=&#8221;4.27.4&#8243; _module_preset=&#8221;default&#8221; global_colors_info=&#8221;{}&#8221;][\/et_pb_image][\/et_pb_column][\/et_pb_row][\/et_pb_section]<\/p>\n","protected":false},"excerpt":{"rendered":"<p>Una mezcla especial de coctel margarita a base de nuestro vino de agave que est\u00e1 \u00a1listo para beber! Margarita Te Cielo es una bebida RTD, 100% mexicana con un sabor \u00fanico. Con solo 9% de alcohol e ingredientes naturales.Margarita Te Cielo est\u00e1 inspirado por la esencia de Frida Kahlo, transformando un sentimiento en un verbo, [&hellip;]<\/p>\n","protected":false},"author":1,"featured_media":0,"parent":0,"menu_order":0,"comment_status":"closed","ping_status":"closed","template":"","meta":{"_et_pb_use_builder":"on","_et_pb_old_content":"","_et_gb_content_width":"","footnotes":""},"class_list":["post-11120","page","type-page","status-publish","hentry"],"_links":{"self":[{"href":"https:\/\/blueagavewine.com\/en\/wp-json\/wp\/v2\/pages\/11120","targetHints":{"allow":["GET"]}}],"collection":[{"href":"https:\/\/blueagavewine.com\/en\/wp-json\/wp\/v2\/pages"}],"about":[{"href":"https:\/\/blueagavewine.com\/en\/wp-json\/wp\/v2\/types\/page"}],"author":[{"embeddable":true,"href":"https:\/\/blueagavewine.com\/en\/wp-json\/wp\/v2\/users\/1"}],"replies":[{"embeddable":true,"href":"https:\/\/blueagavewine.com\/en\/wp-json\/wp\/v2\/comments?post=11120"}],"version-history":[{"count":12,"href":"https:\/\/blueagavewine.com\/en\/wp-json\/wp\/v2\/pages\/11120\/revisions"}],"predecessor-version":[{"id":11383,"href":"https:\/\/blueagavewine.com\/en\/wp-json\/wp\/v2\/pages\/11120\/revisions\/11383"}],"wp:attachment":[{"href":"https:\/\/blueagavewine.com\/en\/wp-json\/wp\/v2\/media?parent=11120"}],"curies":[{"name":"wp","href":"https:\/\/api.w.org\/{rel}","templated":true}]}}